{"id":839,"date":"2019-05-14T17:32:40","date_gmt":"2019-05-14T15:32:40","guid":{"rendered":"https:\/\/www.espazoabella.com\/tienda\/taller-de-cocina-sana-y-saludable\/"},"modified":"2019-05-16T11:12:32","modified_gmt":"2019-05-16T09:12:32","slug":"taller-de-cocina-sana-y-saludable","status":"publish","type":"product","link":"https:\/\/www.espazoabella.com\/gl\/tienda\/taller-de-cocina-sana-y-saludable\/","title":{"rendered":"Taller de coci\u00f1a sa e saud\u00e1bel"},"content":{"rendered":"<p>Sempre creo os talleres base\u00e1ndome nun concepto de alimentaci\u00f3n saud\u00e1bel. Desmitifico a idea de que comer san \u00e9 dificil, caro e aburrido. Todas as preparaci\u00f3ns que facemos son r\u00e1pidas e sinxelas e, por iso, sorprenden &#8230; porque son DE-LI-CIO-SAS.<\/p>\n<p>Non uso ingredientes con glute, nin l\u00e1cteos. Todos son aptos para carn\u00edvoros, vexetarianos e veganos.<\/p>\n<p>Estes talleres experiencias vante axudar a:<\/p>\n<ul>\n<li>Cambiar o chip con respecto \u00e1 comida sa.<\/li>\n<li>Co\u00f1ecer diferentes usos de verduras e ingredientes que quizais non co\u00f1ec\u00edas, pero que lle dar\u00e1n moito &#8220;power&#8221; aos teus platos e \u00e1 t\u00faa sa\u00fade.<\/li>\n<li>Aprender a coci\u00f1ar receitas segundo a tempada.<\/li>\n<li>Optimizar tempo e recursos na coci\u00f1a.<\/li>\n<\/ul>\n","protected":false},"excerpt":{"rendered":"<p>Sempre creo os talleres base\u00e1ndome nun concepto de alimentaci\u00f3n saud\u00e1bel. Desmitifico a idea de que comer san \u00e9 dificil, caro e aburrido. Todas as preparaci\u00f3ns que facemos son r\u00e1pidas e sinxelas e, por iso, sorprenden &#8230; porque son DE-LI-CIO-SAS. Non uso ingredientes con glute, nin l\u00e1cteos. Todos son aptos para carn\u00edvoros, vexetarianos e veganos. Estes talleres experiencias vante axudar a: Cambiar o chip con respecto \u00e1 comida sa. Co\u00f1ecer diferentes usos de verduras e ingredientes&hellip;<\/p>\n","protected":false},"featured_media":838,"comment_status":"open","ping_status":"closed","template":"","meta":[],"_links":{"self":[{"href":"https:\/\/www.espazoabella.com\/gl\/wp-json\/wp\/v2\/product\/839"}],"collection":[{"href":"https:\/\/www.espazoabella.com\/gl\/wp-json\/wp\/v2\/product"}],"about":[{"href":"https:\/\/www.espazoabella.com\/gl\/wp-json\/wp\/v2\/types\/product"}],"replies":[{"embeddable":true,"href":"https:\/\/www.espazoabella.com\/gl\/wp-json\/wp\/v2\/comments?post=839"}],"wp:featuredmedia":[{"embeddable":true,"href":"https:\/\/www.espazoabella.com\/gl\/wp-json\/wp\/v2\/media\/838"}],"wp:attachment":[{"href":"https:\/\/www.espazoabella.com\/gl\/wp-json\/wp\/v2\/media?parent=839"}],"curies":[{"name":"wp","href":"https:\/\/api.w.org\/{rel}","templated":true}]}}