{"id":748,"date":"2018-01-02T10:41:42","date_gmt":"2018-01-02T08:41:42","guid":{"rendered":"https:\/\/www.espazoabella.com\/tienda\/cocina-verde\/"},"modified":"2019-01-07T19:58:33","modified_gmt":"2019-01-07T18:58:33","slug":"cocina-verde","status":"publish","type":"product","link":"https:\/\/www.espazoabella.com\/gl\/tienda\/cocina-verde\/","title":{"rendered":"Coci\u00f1a verde"},"content":{"rendered":"<p>Reivindicador do papel principal da verdura, l\u00edder do concepto de gastro bot\u00e1nica Ga\u00f1ador do premio, Cocinero Revelaci\u00f3n de Madrid Fusi\u00f3n Proxecto actual: Restaurante El invernadero en Madrid<\/p>\n<p><strong>Metodolox\u00eda:<\/strong>\u00a0Curso fundamentalmente pr\u00e1ctico con algunha sesi\u00f3n demostrativa. Curso de curta duraci\u00f3n para abordar tem\u00e1ticas moi concretas<\/p>\n<p><strong>Caracter\u00edsticas:<\/strong>\u00a0os mellores expertos na s\u00faa \u00e1rea. Grupos reducidos Metodolox\u00edas activas. Certificado de Espazo Abella.<\/p>\n","protected":false},"excerpt":{"rendered":"<p>Reivindicador do papel principal da verdura, l\u00edder do concepto de gastro bot\u00e1nica Ga\u00f1ador do premio, Cocinero Revelaci\u00f3n de Madrid Fusi\u00f3n Proxecto actual: Restaurante El invernadero en Madrid Metodolox\u00eda:\u00a0Curso fundamentalmente pr\u00e1ctico con algunha sesi\u00f3n demostrativa. Curso de curta duraci\u00f3n para abordar tem\u00e1ticas moi concretas Caracter\u00edsticas:\u00a0os mellores expertos na s\u00faa \u00e1rea. Grupos reducidos Metodolox\u00edas activas. Certificado de Espazo Abella.<\/p>\n","protected":false},"featured_media":644,"comment_status":"open","ping_status":"closed","template":"","meta":[],"_links":{"self":[{"href":"https:\/\/www.espazoabella.com\/gl\/wp-json\/wp\/v2\/product\/748"}],"collection":[{"href":"https:\/\/www.espazoabella.com\/gl\/wp-json\/wp\/v2\/product"}],"about":[{"href":"https:\/\/www.espazoabella.com\/gl\/wp-json\/wp\/v2\/types\/product"}],"replies":[{"embeddable":true,"href":"https:\/\/www.espazoabella.com\/gl\/wp-json\/wp\/v2\/comments?post=748"}],"wp:featuredmedia":[{"embeddable":true,"href":"https:\/\/www.espazoabella.com\/gl\/wp-json\/wp\/v2\/media\/644"}],"wp:attachment":[{"href":"https:\/\/www.espazoabella.com\/gl\/wp-json\/wp\/v2\/media?parent=748"}],"curies":[{"name":"wp","href":"https:\/\/api.w.org\/{rel}","templated":true}]}}