{"id":746,"date":"2018-01-14T13:52:12","date_gmt":"2018-01-14T11:52:12","guid":{"rendered":"https:\/\/www.espazoabella.com\/tienda\/panaderia-y-bolleria\/"},"modified":"2019-01-07T19:56:56","modified_gmt":"2019-01-07T18:56:56","slug":"panaderia-y-bolleria","status":"publish","type":"product","link":"https:\/\/www.espazoabella.com\/gl\/tienda\/panaderia-y-bolleria\/","title":{"rendered":"Panader\u00eda e Bolos"},"content":{"rendered":"<h4>Panader\u00eda y bolos de alta calidade para almorzos y merendas aplicadas a hostalar\u00eda y restauraci\u00f3n.<\/h4>\n<p>Xavier Barriga: Especialista e innovador da panadar\u00eda artes\u00e1. Proxecto actual: Panadar\u00edas Turris en Barcelona.<\/p>\n<p><strong>Metodolox\u00eda<\/strong>:\u00a0Curso fundamentalmente pr\u00e1ctico con algunha sesi\u00f3n demostrativa. Curso de curta duraci\u00f3n para abordar tem\u00e1ticas moi concretas<\/p>\n<p><strong>Caracter\u00edsticas<\/strong>:\u00a0os mejores expertos na s\u00faa \u00e1rea Grupos reducidos Metodolox\u00edas activas Certificado de Espazo Abella<\/p>\n","protected":false},"excerpt":{"rendered":"<p>Panader\u00eda y bolos de alta calidade para almorzos y merendas aplicadas a hostalar\u00eda y restauraci\u00f3n. Xavier Barriga: Especialista e innovador da panadar\u00eda artes\u00e1. Proxecto actual: Panadar\u00edas Turris en Barcelona. Metodolox\u00eda:\u00a0Curso fundamentalmente pr\u00e1ctico con algunha sesi\u00f3n demostrativa. Curso de curta duraci\u00f3n para abordar tem\u00e1ticas moi concretas Caracter\u00edsticas:\u00a0os mejores expertos na s\u00faa \u00e1rea Grupos reducidos Metodolox\u00edas activas Certificado de Espazo Abella<\/p>\n","protected":false},"featured_media":110,"comment_status":"open","ping_status":"closed","template":"","meta":[],"_links":{"self":[{"href":"https:\/\/www.espazoabella.com\/gl\/wp-json\/wp\/v2\/product\/746"}],"collection":[{"href":"https:\/\/www.espazoabella.com\/gl\/wp-json\/wp\/v2\/product"}],"about":[{"href":"https:\/\/www.espazoabella.com\/gl\/wp-json\/wp\/v2\/types\/product"}],"replies":[{"embeddable":true,"href":"https:\/\/www.espazoabella.com\/gl\/wp-json\/wp\/v2\/comments?post=746"}],"wp:featuredmedia":[{"embeddable":true,"href":"https:\/\/www.espazoabella.com\/gl\/wp-json\/wp\/v2\/media\/110"}],"wp:attachment":[{"href":"https:\/\/www.espazoabella.com\/gl\/wp-json\/wp\/v2\/media?parent=746"}],"curies":[{"name":"wp","href":"https:\/\/api.w.org\/{rel}","templated":true}]}}