{"id":740,"date":"2018-11-26T20:20:43","date_gmt":"2018-11-26T18:20:43","guid":{"rendered":"https:\/\/www.espazoabella.com\/tienda\/taller-de-panaderia-y-galletas-para-ninos\/"},"modified":"2019-01-07T19:49:17","modified_gmt":"2019-01-07T18:49:17","slug":"taller-de-panaderia-e-galletas-para-nenos","status":"publish","type":"product","link":"https:\/\/www.espazoabella.com\/gl\/tienda\/taller-de-panaderia-e-galletas-para-nenos\/","title":{"rendered":"Taller de panader\u00eda e galletas para nenos"},"content":{"rendered":"<p>Con este taller los ni\u00f1os\/as disfrutar\u00e1n y aprender\u00e1n de forma l\u00fadica y manipulativa como es el proceso de elaboraci\u00f3n del pan tradicional y galletas de Navidad.<\/p>\n<p>Alg\u00fans obxectivos do curso son:<\/p>\n<ul>\n<li>Comparar medidas e vol\u00famenes en masas.<\/li>\n<li>Identificar diferentes texturas, olores e sabores.<\/li>\n<li>Estimular a imaxinaci\u00f3n e as creaci\u00f3ns propias mediante a elaboraci\u00f3n de pans y galletas.<\/li>\n<li>Fomentar a colaboraci\u00f3n e o traballo en equipo.<\/li>\n<li>Promover h\u00e1bitos saudables relacionados coa alimentaci\u00f3n.<\/li>\n<\/ul>\n","protected":false},"excerpt":{"rendered":"<p>Con este taller los ni\u00f1os\/as disfrutar\u00e1n y aprender\u00e1n de forma l\u00fadica y manipulativa como es el proceso de elaboraci\u00f3n del pan tradicional y galletas de Navidad. Alg\u00fans obxectivos do curso son: Comparar medidas e vol\u00famenes en masas. Identificar diferentes texturas, olores e sabores. Estimular a imaxinaci\u00f3n e as creaci\u00f3ns propias mediante a elaboraci\u00f3n de pans y galletas. Fomentar a colaboraci\u00f3n e o traballo en equipo. Promover h\u00e1bitos saudables relacionados coa alimentaci\u00f3n.<\/p>\n","protected":false},"featured_media":464,"comment_status":"open","ping_status":"closed","template":"","meta":[],"_links":{"self":[{"href":"https:\/\/www.espazoabella.com\/gl\/wp-json\/wp\/v2\/product\/740"}],"collection":[{"href":"https:\/\/www.espazoabella.com\/gl\/wp-json\/wp\/v2\/product"}],"about":[{"href":"https:\/\/www.espazoabella.com\/gl\/wp-json\/wp\/v2\/types\/product"}],"replies":[{"embeddable":true,"href":"https:\/\/www.espazoabella.com\/gl\/wp-json\/wp\/v2\/comments?post=740"}],"wp:featuredmedia":[{"embeddable":true,"href":"https:\/\/www.espazoabella.com\/gl\/wp-json\/wp\/v2\/media\/464"}],"wp:attachment":[{"href":"https:\/\/www.espazoabella.com\/gl\/wp-json\/wp\/v2\/media?parent=740"}],"curies":[{"name":"wp","href":"https:\/\/api.w.org\/{rel}","templated":true}]}}