{"id":734,"date":"2018-10-29T10:39:08","date_gmt":"2018-10-29T08:39:08","guid":{"rendered":"https:\/\/www.espazoabella.com\/tienda\/miramar\/"},"modified":"2019-01-07T19:05:30","modified_gmt":"2019-01-07T18:05:30","slug":"miramar","status":"publish","type":"product","link":"https:\/\/www.espazoabella.com\/gl\/tienda\/miramar\/","title":{"rendered":"Miramar"},"content":{"rendered":"<p>O primeiro libro do chef <strong>Paco P\u00e9rez<\/strong> non pod\u00eda ter outro nome que Miramar, pois nel se pode contemplar a coci\u00f1a do <strong>restaurante de Llan\u00e7\u00e0<\/strong>, comparte as creaci\u00f3ns culinarias m\u00e1is significativas da s\u00faa carreira profesional, as fontes de inspiraci\u00f3n, as t\u00e9cnicas propias, a s\u00faa filosof\u00eda, pero con maior profundidade, abrindo ao lector a mente e o coraz\u00f3n. Entre as receitas que se poden encontrar no libro Miramar, est\u00e1 o Saam de pich\u00f3n, Pel de Pato, Angulas con pil pil de trompetas, Queixo Gruy\u00e8re, Polo \u00e1 cervexa, Langostino Thai, Ovo negro, Galleta Pr\u00edncipe de Beckelar, Ameixa \u00e1 brasa coa s\u00faa sopa e yuzu fresco, Pura Gamba, Tarantino, Coco-coco-coco\u2026 Cr\u00e9denos, que os <strong>nombres m\u00e1is sinxelos esconden elaboraci\u00f3ns do m\u00e1is complexas,<\/strong> e sobre todo sorprendentes. Non todo \u00e9 o que parece.<\/p>\n","protected":false},"excerpt":{"rendered":"<p>O primeiro libro do chef Paco P\u00e9rez non pod\u00eda ter outro nome que Miramar, pois nel se pode contemplar a coci\u00f1a do restaurante de Llan\u00e7\u00e0, comparte as creaci\u00f3ns culinarias m\u00e1is significativas da s\u00faa carreira profesional, as fontes de inspiraci\u00f3n, as t\u00e9cnicas propias, a s\u00faa filosof\u00eda, pero con maior profundidade, abrindo ao lector a mente e o coraz\u00f3n. Entre as receitas que se poden encontrar no libro Miramar, est\u00e1 o Saam de pich\u00f3n, Pel de Pato,&hellip;<\/p>\n","protected":false},"featured_media":313,"comment_status":"open","ping_status":"closed","template":"","meta":[],"_links":{"self":[{"href":"https:\/\/www.espazoabella.com\/gl\/wp-json\/wp\/v2\/product\/734"}],"collection":[{"href":"https:\/\/www.espazoabella.com\/gl\/wp-json\/wp\/v2\/product"}],"about":[{"href":"https:\/\/www.espazoabella.com\/gl\/wp-json\/wp\/v2\/types\/product"}],"replies":[{"embeddable":true,"href":"https:\/\/www.espazoabella.com\/gl\/wp-json\/wp\/v2\/comments?post=734"}],"wp:featuredmedia":[{"embeddable":true,"href":"https:\/\/www.espazoabella.com\/gl\/wp-json\/wp\/v2\/media\/313"}],"wp:attachment":[{"href":"https:\/\/www.espazoabella.com\/gl\/wp-json\/wp\/v2\/media?parent=734"}],"curies":[{"name":"wp","href":"https:\/\/api.w.org\/{rel}","templated":true}]}}