{"id":725,"date":"2018-11-27T19:55:04","date_gmt":"2018-11-27T17:55:04","guid":{"rendered":"https:\/\/www.espazoabella.com\/tienda\/caldos-el-codigo-del-sabor-ricard-camarena\/"},"modified":"2019-01-07T18:51:22","modified_gmt":"2019-01-07T17:51:22","slug":"caldos-el-codigo-del-sabor-ricard-camarena","status":"publish","type":"product","link":"https:\/\/www.espazoabella.com\/gl\/tienda\/caldos-el-codigo-del-sabor-ricard-camarena\/","title":{"rendered":"Caldos, el c\u00f3digo del Sabor"},"content":{"rendered":"<p>Ricard Camarena publica &#8220;Caldos, el c\u00f3digo del Sabor&#8221;, un dos libros m\u00e1is esperados no panorama gastron\u00f3mico. Ao longo do libro expl\u00edcase como Ricard Camarena conseguiu \u00e9xito dende a mesma base da experiencia gastron\u00f3mica. Tam\u00e9n se analiza cada tipo de caldo co que o coci\u00f1eiro prepara os seus pratos, det\u00e1llanse cales son as s\u00faas claves e ofr\u00e9cese unha explicaci\u00f3n pr\u00e1ctica mediante as receitas m\u00e1is emblem\u00e1ticas do <em>chef<\/em>.<\/p>\n","protected":false},"excerpt":{"rendered":"<p>Ricard Camarena publica &#8220;Caldos, el c\u00f3digo del Sabor&#8221;, un dos libros m\u00e1is esperados no panorama gastron\u00f3mico. Ao longo do libro expl\u00edcase como Ricard Camarena conseguiu \u00e9xito dende a mesma base da experiencia gastron\u00f3mica. Tam\u00e9n se analiza cada tipo de caldo co que o coci\u00f1eiro prepara os seus pratos, det\u00e1llanse cales son as s\u00faas claves e ofr\u00e9cese unha explicaci\u00f3n pr\u00e1ctica mediante as receitas m\u00e1is emblem\u00e1ticas do chef.<\/p>\n","protected":false},"featured_media":480,"comment_status":"open","ping_status":"closed","template":"","meta":[],"_links":{"self":[{"href":"https:\/\/www.espazoabella.com\/gl\/wp-json\/wp\/v2\/product\/725"}],"collection":[{"href":"https:\/\/www.espazoabella.com\/gl\/wp-json\/wp\/v2\/product"}],"about":[{"href":"https:\/\/www.espazoabella.com\/gl\/wp-json\/wp\/v2\/types\/product"}],"replies":[{"embeddable":true,"href":"https:\/\/www.espazoabella.com\/gl\/wp-json\/wp\/v2\/comments?post=725"}],"wp:featuredmedia":[{"embeddable":true,"href":"https:\/\/www.espazoabella.com\/gl\/wp-json\/wp\/v2\/media\/480"}],"wp:attachment":[{"href":"https:\/\/www.espazoabella.com\/gl\/wp-json\/wp\/v2\/media?parent=725"}],"curies":[{"name":"wp","href":"https:\/\/api.w.org\/{rel}","templated":true}]}}