{"id":715,"date":"2018-12-12T12:09:40","date_gmt":"2018-12-12T10:09:40","guid":{"rendered":"https:\/\/www.espazoabella.com\/tienda\/pastryrevolution-25\/"},"modified":"2019-01-07T18:40:46","modified_gmt":"2019-01-07T17:40:46","slug":"pastryrevolution-25","status":"publish","type":"product","link":"https:\/\/www.espazoabella.com\/gl\/tienda\/pastryrevolution-25\/","title":{"rendered":"P\u00e3stryrevolution #25"},"content":{"rendered":"<p><strong>COCI\u00d1A DOCE<\/strong><\/p>\n<p><strong>Diego Guerrero, DSTAgE<\/strong><\/p>\n<ul>\n<li>Os \u00faltimos acordes do men\u00fa, por Anna Tusell<\/li>\n<li>Begonia xeada, <em>mojito<\/em>, manz\u00e1-apio<\/li>\n<li>A ruta das especias<\/li>\n<li>Corte de pataca y trufa branca<\/li>\n<li>Chantilly de coliflor<\/li>\n<li>Marmelo nixtamalizado, iuca fermentada y n\u00e9ctar de caf\u00e9<\/li>\n<li>Millo<\/li>\n<\/ul>\n<p><strong>Paco P\u00e9rez, Miramar<\/strong><\/p>\n<ul>\n<li>Miramar en clave doce, por L\u00faa Monasterio<\/li>\n<li>Cocktail de froita<\/li>\n<li>Coco-coco-coco<\/li>\n<li>Orchata, d\u00e1til y fartons<\/li>\n<li>Noz de cacao<\/li>\n<li>Pr\u00edncipe de Beckelar<\/li>\n<\/ul>\n<p><strong>PASTELAR\u00cdA<\/strong><\/p>\n<p><strong>Ricardo V\u00e9lez, Moulin Chooclat<\/strong><\/p>\n<ul>\n<li>O sabor como bandeira, por Anna Tusell<\/li>\n<li>Martita&#8217;s<\/li>\n<li>Tartajea de lim\u00f3n<\/li>\n<li>Milfollas de maz\u00e1<\/li>\n<li>Eclair de pistacho e framboesa<\/li>\n<\/ul>\n<p><strong>Yann Duytsche, Dol\u00e7<\/strong><\/p>\n<ul>\n<li>M\u00e9todos creativos, por Anna Tusell<\/li>\n<li>Bosc<\/li>\n<li>Sakura<\/li>\n<li>Yu<\/li>\n<li>Cosmic<\/li>\n<li>Rouge<\/li>\n<\/ul>\n<p><strong>PANADAR\u00cdA<\/strong><\/p>\n<p><strong>Espigas, la Selecci\u00f3n Nacional de Panader\u00eda<\/strong><\/p>\n<ul>\n<li>En defensa da panadar\u00eda espa\u00f1ola, por Fco. Javier Antoja Giralt<\/li>\n<li>Pan de masa madre de cultivo de trigo e xeixa, Pablo Conesa<\/li>\n<li>Pan de lino, Unai Elgezabal<\/li>\n<li>Pan candeal de masa madre, Javier Molina<\/li>\n<li>Pan de tomate, Francisco Recio<\/li>\n<li>Brocheta de langostino, coco y cilantro, Jos\u00e9 Rold\u00e1n<\/li>\n<\/ul>\n<p><strong>Florindo Fierro, Panod<\/strong><\/p>\n<ul>\n<li>Pan &amp; Go en Madrid, por Fco. Javier Antoja Giralt<\/li>\n<li>Pan de pay\u00e9s natural<\/li>\n<li>Pan r\u00fastico galego<\/li>\n<li>Cruas\u00e1n de manteiga<\/li>\n<\/ul>\n<p><strong>Jill Hodgetts, Aida Rinc\u00f3n, Pan de Aida<\/strong><\/p>\n<ul>\n<li>Dende C\u00e1diz, por Fco. Javier Antoja Giralt<\/li>\n<li>Pan de cereais<\/li>\n<li>Pan de cabaza<\/li>\n<li>Bread Pudding de ameixa e maz\u00e1<\/li>\n<\/ul>\n<p><strong>Fco. Javier Mazariegos, La Tahona de Vega<\/strong><\/p>\n<ul>\n<li>De aprendiz \u00e1 fama, por Fco. Javier Antoja Giralt<\/li>\n<li>Centeo con pasas<\/li>\n<li>Barra Auga<\/li>\n<li>Pan bregado con noces<\/li>\n<li>Chapata<\/li>\n<\/ul>\n","protected":false},"excerpt":{"rendered":"<p>COCI\u00d1A DOCE Diego Guerrero, DSTAgE Os \u00faltimos acordes do men\u00fa, por Anna Tusell Begonia xeada, mojito, manz\u00e1-apio A ruta das especias Corte de pataca y trufa branca Chantilly de coliflor Marmelo nixtamalizado, iuca fermentada y n\u00e9ctar de caf\u00e9 Millo Paco P\u00e9rez, Miramar Miramar en clave doce, por L\u00faa Monasterio Cocktail de froita Coco-coco-coco Orchata, d\u00e1til y fartons Noz de cacao Pr\u00edncipe de Beckelar PASTELAR\u00cdA Ricardo V\u00e9lez, Moulin Chooclat O sabor como bandeira, por Anna Tusell&hellip;<\/p>\n","protected":false},"featured_media":601,"comment_status":"open","ping_status":"closed","template":"","meta":[],"_links":{"self":[{"href":"https:\/\/www.espazoabella.com\/gl\/wp-json\/wp\/v2\/product\/715"}],"collection":[{"href":"https:\/\/www.espazoabella.com\/gl\/wp-json\/wp\/v2\/product"}],"about":[{"href":"https:\/\/www.espazoabella.com\/gl\/wp-json\/wp\/v2\/types\/product"}],"replies":[{"embeddable":true,"href":"https:\/\/www.espazoabella.com\/gl\/wp-json\/wp\/v2\/comments?post=715"}],"wp:featuredmedia":[{"embeddable":true,"href":"https:\/\/www.espazoabella.com\/gl\/wp-json\/wp\/v2\/media\/601"}],"wp:attachment":[{"href":"https:\/\/www.espazoabella.com\/gl\/wp-json\/wp\/v2\/media?parent=715"}],"curies":[{"name":"wp","href":"https:\/\/api.w.org\/{rel}","templated":true}]}}