{"id":700,"date":"2018-11-26T20:02:26","date_gmt":"2018-11-26T18:02:26","guid":{"rendered":"https:\/\/www.espazoabella.com\/politica-de-privacidad\/"},"modified":"2019-01-07T20:05:07","modified_gmt":"2019-01-07T19:05:07","slug":"politica-de-privacidade","status":"publish","type":"page","link":"https:\/\/www.espazoabella.com\/gl\/politica-de-privacidade\/","title":{"rendered":"Privacidade"},"content":{"rendered":"<p>[vc_row container_wrap=&#8221;yes&#8221;][vc_column][vc_column_text]<\/p>\n<h3>Datos identificativos<\/h3>\n<p>En cumprimento do deber de informaci\u00f3n recollido no art\u00edculo 10 da Ley 34\/2002, de 11 de julio, de Servizos da Sociedade da Informaci\u00f3n e do Comercio electr\u00f3nico, a continuaci\u00f3n se reflexan os seguintes datos: a empresa titular de www.apartamentosorfas.com es \u00a0COCI\u00d1A AVATAR, S.L. con CIF B 70.119.532 e enderezo a estes efectos en Formar\u00eds, 26A, 15.884, Santiago de Compostela (A Coru\u00f1a) con correo electr\u00f3nico de contacto: info@espazoabella.com<\/p>\n<h3>Usuarios<\/h3>\n<p>O acceso e\/ou uso deste portal de COCI\u00d1A AVATAR, S.L. atrib\u00fae a condici\u00f3n de USUARIO, que acepta, dende dito acceso e\/ou uso, as Condici\u00f3ns Xerais de uso aqu\u00ed reflexadas. As citadas condici\u00f3ns ser\u00e1n de aplicaci\u00f3n independentemente das Condici\u00f3ns Xerais de Contrataci\u00f3n que no seu caso resulten de obrigado cumprimento.<\/p>\n<h3>Protecci\u00f3n de datos de car\u00e1cter persoal<\/h3>\n<p><strong>Responsable<\/strong>: COCI\u00d1A AVATAR, S.L.<br \/>\n<strong>Finalidade<\/strong>:\u00a0Xesti\u00f3n da solicitude<br \/>\n<strong>Lexitimaci\u00f3n<\/strong>:\u00a0Execuci\u00f3n dun contrato \/ prestaci\u00f3n de servizos<br \/>\n<strong>Destinatarios<\/strong>:\u00a0Outras empresas ou filiais do grupo<br \/>\n<strong>Dereitos<\/strong>:\u00a0Pode exercitar os dereitos de acceso, rectificaci\u00f3n, supresi\u00f3n, limitaci\u00f3n, oposici\u00f3n e portabilidade dos datos aportados, como se indica na informaci\u00f3n adicional<br \/>\n<strong>Informaci\u00f3n adicional<\/strong>:\u00a0ver a continuaci\u00f3n<\/p>\n<h3>Pol\u00edtica de privacidade II (Informaci\u00f3n adicional)<\/h3>\n<p><strong>\u00bfQuen \u00e9 o responsable do tratamento dos seus datos?<\/strong><\/p>\n<p>Identidade: COCI\u00d1A AVATAR, S.L.<br \/>\nEnderezo Social: Formar\u00eds, 26A 15884 Santiago de Compostela (A Coru\u00f1a)<br \/>\nTel\u00e9fono: 604 055 938<br \/>\nEmail: info@espazoabella.com<\/p>\n<p><strong>\u00bfCon que finalidade tratamos os seus datos persoais?<\/strong><\/p>\n<p>En COCI\u00d1A AVATAR, S.L. tratamos a informaci\u00f3n que nos facilitan as persoas interesadas co fin de xestionar o env\u00edo da informaci\u00f3n ou dos produtos solicitados.<\/p>\n<p>Realizaranse tratamentos de datos automatizados con fin de elaborar perf\u00eds cos servizos solicitados ou compras realizadas, para poder ofrecerlle promoci\u00f3ns, ofertas ou servizos polos que mostrou interese.<\/p>\n<p><strong>\u00bfPor canto tempo conservaremos os seus datos?<\/strong><\/p>\n<p>Os datos personais facilitados polo usuario conservaranse mentres non se solicite a supresi\u00f3n dos mesmos por parte do interesado.<\/p>\n<p>Lexitimaci\u00f3n<\/p>\n<p>A base legal para o tratamento dos seus datos \u00e9 a execuci\u00f3n da s\u00faa solicitude<\/p>\n<p><strong>\u00bfA que destinatarios se comunicar\u00e1n os\u00a0 seus datos?<\/strong><\/p>\n<p>COCI\u00d1A AVATAR, S.L. poder\u00e1 ceder os seus datos a outras empresas ou filiais do grupo para fins administrativos e de xesti\u00f3n interna.<\/p>\n<p><strong>Dereitos<\/strong><\/p>\n<p>O usuario poder\u00e1 exercer en todo momento os dereitos de Acceso, Rectificaci\u00f3n, Supresi\u00f3n, Limitaci\u00f3n, Oposici\u00f3n e Portabilidade dos datos aportados, segundo o disposto no Regulamento Xeral (UE) 2016\/679 de Protecci\u00f3n de Datos, dirixindo un escrito en que especifique que dereito desexa exercer ao enderezo social arriba indicado, adxuntando copia do documento que o identifique, ao enderezo de correo electr\u00f3nico info@apartamentosorfas.com<\/p>\n<p>Asemade, o interesado pode presentar unha reclamaci\u00f3n ante a Autoridade de Control.<\/p>\n<p><strong>M\u00e1is informaci\u00f3n<\/strong><\/p>\n<p>COCI\u00d1A AVATAR, S.L. adoptou as medidas t\u00e9cnicas necesarias para manter o nivel de seguridade requerido, segundo a natureza dos datos personais tratados e as circunstancias do tratamento, co obxecto de evitar, na medida do posible e sempre segundo o estado da t\u00e9cnica, a s\u00faa alteraci\u00f3n, perda, tratamento ou acceso non autorizado. Para a realizaci\u00f3n da xesti\u00f3n antes mencionada pode ser necesario que se cedan os datos a encargados do tratamento, empresas colaboradoras e administraci\u00f3ns p\u00fablicas (as cales poden verificar a veracidade dos datos).<\/p>\n<p>COCI\u00d1A AVATAR, S.L.cumpre integramente coa lexislaci\u00f3n vixente en materia de protecci\u00f3n de datos de car\u00e1cter persoal, e cos compromisos de confidencialidade propios da s\u00faa actividade. En cumprimento do establecido no Regulamento Xeral (UE) 2016\/679 de Protecci\u00f3n de Datos, comunicamos ao usuario que os datos personais que nos facilite de forma voluntaria , por calquera dos nosos medios de recollida de informaci\u00f3n, van ser incorporados \u00e1s Actividades de Tratamento automatizados de datos de car\u00e1cter persoal titularidade de COCI\u00d1A AVATAR, S.L., co fin de poderlle prestar os nosos servizos, as\u00ed como para manterlle informado sobre cuesti\u00f3ns relativas \u00e1 actividade da empresa e os seus servizos. Os campos marcados con \u201c*\u201d son de car\u00e1cter obrigatorio, polo que o non cumprimento de ditos campos impedir\u00e1 ao USUARIO gozar de alg\u00fas dos Servizos e informaci\u00f3ns ofrecidas na Web. Os datos contidos neles ser\u00e1n tratados de forma confidencial.<\/p>\n<p>No caso de que o USUARIO facilite datos de car\u00e1cter persoal, referentes a persoas f\u00edsicas distintas a si mesmo, o USUARIO deber\u00e1, con car\u00e1cter previo \u00e1 inclusi\u00f3n, informarlles do contido da presente cl\u00e1usula, de acordo co establecido no Regulamento Xeral (UE) 2016\/679 de Protecci\u00f3n de Datos.<\/p>\n<p>COCI\u00d1A AVATAR, S.L. como responsable da Actividade de Tratamento, garante o exercicio dos dereitos de acceso, rectificaci\u00f3n, supresi\u00f3n, limitaci\u00f3n, oposici\u00f3n e portabilidade dos datos aportados, segundo o disposto no Regulamento Xeral (UE) 2016\/679 de Protecci\u00f3n de Datos, o USUARIO poder\u00e1 exercer en todo momento os dereitos, dirixindo un escrito ao enderezo social, adxuntando copia do DNI ou Pasaporte.<\/p>\n<p>COCI\u00d1A AVATAR, S.L. garante que todas as comunicaci\u00f3ns comerciais que dirixe aos clientes cumpren a normativa vixente.<\/p>\n<p>Por elo, en cumprimento da Lei 34\/2002 de Servizos da Sociedade da Informaci\u00f3n e de Comercio Electr\u00f3nico e a Ley 9\/2014 Xeral de Telecomunicaci\u00f3ns, inf\u00f3rmase ao USUARIO que COCI\u00d1A AVATAR, S.L.poder\u00e1 enviarlle por medios electr\u00f3nicos informaci\u00f3n acerca de produtos e servizos de interese ao que Vd. Presta o seu consentimento.[\/vc_column_text][\/vc_column][\/vc_row]<\/p>\n","protected":false},"excerpt":{"rendered":"<p>[vc_row container_wrap=&#8221;yes&#8221;][vc_column][vc_column_text] Datos identificativos En cumprimento do deber de informaci\u00f3n recollido no art\u00edculo 10 da Ley 34\/2002, de 11 de julio, de Servizos da Sociedade da Informaci\u00f3n e do Comercio electr\u00f3nico, a continuaci\u00f3n se reflexan os seguintes datos: a empresa titular de www.apartamentosorfas.com es \u00a0COCI\u00d1A AVATAR, S.L. con CIF B 70.119.532 e enderezo a estes efectos en Formar\u00eds, 26A, 15.884, Santiago de Compostela (A Coru\u00f1a) con correo electr\u00f3nico de contacto: info@espazoabella.com Usuarios O acceso e\/ou&hellip;<\/p>\n","protected":false},"author":1,"featured_media":0,"parent":0,"menu_order":0,"comment_status":"closed","ping_status":"closed","template":"pagina-interior.php","meta":[],"_links":{"self":[{"href":"https:\/\/www.espazoabella.com\/gl\/wp-json\/wp\/v2\/pages\/700"}],"collection":[{"href":"https:\/\/www.espazoabella.com\/gl\/wp-json\/wp\/v2\/pages"}],"about":[{"href":"https:\/\/www.espazoabella.com\/gl\/wp-json\/wp\/v2\/types\/page"}],"author":[{"embeddable":true,"href":"https:\/\/www.espazoabella.com\/gl\/wp-json\/wp\/v2\/users\/1"}],"replies":[{"embeddable":true,"href":"https:\/\/www.espazoabella.com\/gl\/wp-json\/wp\/v2\/comments?post=700"}],"version-history":[{"count":3,"href":"https:\/\/www.espazoabella.com\/gl\/wp-json\/wp\/v2\/pages\/700\/revisions"}],"predecessor-version":[{"id":752,"href":"https:\/\/www.espazoabella.com\/gl\/wp-json\/wp\/v2\/pages\/700\/revisions\/752"}],"wp:attachment":[{"href":"https:\/\/www.espazoabella.com\/gl\/wp-json\/wp\/v2\/media?parent=700"}],"curies":[{"name":"wp","href":"https:\/\/api.w.org\/{rel}","templated":true}]}}