{"id":695,"date":"2018-11-13T11:20:14","date_gmt":"2018-11-13T09:20:14","guid":{"rendered":"https:\/\/www.espazoabella.com\/eventos-privados\/"},"modified":"2019-01-07T13:36:13","modified_gmt":"2019-01-07T12:36:13","slug":"eventos-privados","status":"publish","type":"page","link":"https:\/\/www.espazoabella.com\/gl\/eventos-privados\/","title":{"rendered":"Eventos"},"content":{"rendered":"<p>[vc_row container_wrap=&#8221;yes&#8221; el_class=&#8221;section-interior-evento&#8221;][vc_column][vc_column_text]<h2 class='' >Eventos Privados - Team Cooking<\/h2><\/p>\n<p>Imos encontrar en \u00a0ESPAZO ABELLA unha tendencia nova en canto a\u00a0 talleres de coci\u00f1a, unha nova experiencia gastron\u00f3mica, unha nova forma de entender o\u00a0<strong>traballo en grupo<\/strong>, unha boa opci\u00f3n\u00a0 para\u00a0a <strong>cohesi\u00f3n de equipos<\/strong>, unha nova f\u00f3rmula de\u00a0<strong>reuni\u00f3n arredor dunha boa mesa<\/strong>. Todos traballamos \u00a0na elaboraci\u00f3n e degustaci\u00f3n do coci\u00f1ado. Participaci\u00f3n do 100\u00d7100 dende o primeiro momento.<\/p>\n<p>Unha experiencia diferente \u00a0baixo a direcci\u00f3n e orientaci\u00f3n do noso chef en ESPAZO ABELLA, realizaremos tarefas similares \u00e1s que se acometen\u00a0 nun restaurante, dende a compra tradicional dos mellores produtos da nosa zona, \u00e1 elaboraci\u00f3n das nosas receitas para finalmente saborealas.<\/p>\n<p>E non s\u00f3 realizaremos \u201cformaci\u00f3n l\u00fadica\u201d \u2026 ESPAZO ABELLA brinda o lugar perfecto para realizar\u00a0<strong>reuni\u00f3ns \u00a0de empresa<\/strong>\u00a0e o almorzo sen ter que desprazarnos a outro lugar. Somos un punto de reuni\u00f3n para celebraci\u00f3ns especiais ou simplemente unha\u00a0<strong>reuni\u00f3n de amigos<\/strong>\u00a0que queren pasar un bo momento. Un lugar onde conxugaremos o verbo traballar cop verbo gozar, nun\u00a0<strong>ambiente privado e acolledor<\/strong>.<\/p>\n<p><strong>\u00a0\u00bfQue vos ofrecemos?<\/strong><\/p>\n<ul>\n<li>Aluguer de espazo a\u00a0<strong>empresas<\/strong>\u00a0para reuni\u00f3ns de traballo, incentivos, presentaci\u00f3ns de produto, comidas e ceas de empresa.<\/li>\n<li>Aluguer de espazo a <strong>grupos de amigos ou familias<\/strong> para comidas ou ceas, con ou sen coci\u00f1eiro.<\/li>\n<li>Talleres de coci\u00f1a<\/li>\n<li>Cursos para profesionais<\/li>\n<\/ul>\n<p>[\/vc_column_text][vc_column_text]<img loading=\"lazy\" class=\"alignnone wp-image-375 size-full\" src=\"https:\/\/www.espazoabella.com\/wp-content\/uploads\/2018\/11\/evento-2.jpg\" alt=\"\" width=\"1080\" height=\"640\" srcset=\"https:\/\/www.espazoabella.com\/wp-content\/uploads\/2018\/11\/evento-2.jpg 1080w, https:\/\/www.espazoabella.com\/wp-content\/uploads\/2018\/11\/evento-2-600x356.jpg 600w, https:\/\/www.espazoabella.com\/wp-content\/uploads\/2018\/11\/evento-2-300x178.jpg 300w, https:\/\/www.espazoabella.com\/wp-content\/uploads\/2018\/11\/evento-2-768x455.jpg 768w, https:\/\/www.espazoabella.com\/wp-content\/uploads\/2018\/11\/evento-2-1024x607.jpg 1024w\" sizes=\"(max-width: 1080px) 100vw, 1080px\" \/>[\/vc_column_text][\/vc_column][\/vc_row]<\/p>\n","protected":false},"excerpt":{"rendered":"<p>[vc_row container_wrap=&#8221;yes&#8221; el_class=&#8221;section-interior-evento&#8221;][vc_column][vc_column_text] Imos encontrar en \u00a0ESPAZO ABELLA unha tendencia nova en canto a\u00a0 talleres de coci\u00f1a, unha nova experiencia gastron\u00f3mica, unha nova forma de entender o\u00a0traballo en grupo, unha boa opci\u00f3n\u00a0 para\u00a0a cohesi\u00f3n de equipos, unha nova f\u00f3rmula de\u00a0reuni\u00f3n arredor dunha boa mesa. Todos traballamos \u00a0na elaboraci\u00f3n e degustaci\u00f3n do coci\u00f1ado. Participaci\u00f3n do 100\u00d7100 dende o primeiro momento. Unha experiencia diferente \u00a0baixo a direcci\u00f3n e orientaci\u00f3n do noso chef en ESPAZO ABELLA, realizaremos tarefas&hellip;<\/p>\n","protected":false},"author":2,"featured_media":0,"parent":0,"menu_order":0,"comment_status":"closed","ping_status":"closed","template":"pagina-interior.php","meta":[],"_links":{"self":[{"href":"https:\/\/www.espazoabella.com\/gl\/wp-json\/wp\/v2\/pages\/695"}],"collection":[{"href":"https:\/\/www.espazoabella.com\/gl\/wp-json\/wp\/v2\/pages"}],"about":[{"href":"https:\/\/www.espazoabella.com\/gl\/wp-json\/wp\/v2\/types\/page"}],"author":[{"embeddable":true,"href":"https:\/\/www.espazoabella.com\/gl\/wp-json\/wp\/v2\/users\/2"}],"replies":[{"embeddable":true,"href":"https:\/\/www.espazoabella.com\/gl\/wp-json\/wp\/v2\/comments?post=695"}],"version-history":[{"count":2,"href":"https:\/\/www.espazoabella.com\/gl\/wp-json\/wp\/v2\/pages\/695\/revisions"}],"predecessor-version":[{"id":712,"href":"https:\/\/www.espazoabella.com\/gl\/wp-json\/wp\/v2\/pages\/695\/revisions\/712"}],"wp:attachment":[{"href":"https:\/\/www.espazoabella.com\/gl\/wp-json\/wp\/v2\/media?parent=695"}],"curies":[{"name":"wp","href":"https:\/\/api.w.org\/{rel}","templated":true}]}}