{"id":694,"date":"2018-10-16T13:18:30","date_gmt":"2018-10-16T11:18:30","guid":{"rendered":"https:\/\/www.espazoabella.com\/cursos\/"},"modified":"2018-10-16T13:18:30","modified_gmt":"2018-10-16T11:18:30","slug":"cursos","status":"publish","type":"page","link":"https:\/\/www.espazoabella.com\/gl\/cursos\/","title":{"rendered":"Cursos"},"content":{"rendered":"<p>[vc_row container_wrap=&#8221;yes&#8221; el_class=&#8221;contenedor-interior-cursos&#8221;][vc_column el_class=&#8221;contenedor-interior-cursos&#8221;][vc_column_text]<div class=\"woocommerce columns-4 \"><div class=\"products-container col-sm-12\">\n\n\t<div class=\"row\">\n\n\t\t<div class=\"products \">\n<div class=\"item-column col-lg-3 col-md-3 col-sm-6 col-xs-12\">\n\t\n\t<div class=\"shop-item post-2499 product type-product status-publish has-post-thumbnail product_cat-cursos-gl first instock taxable shipping-taxable purchasable product-type-simple\">\n\t\t\t<div class=\"item-image image-miniatura\">\n\t\t\t\t\t<div class=\"overlay-mini-imagen\"><\/div>\n\t\t\t\t\t\t\n\n\n\n\t\t<a href=\"https:\/\/www.espazoabella.com\/gl\/tienda\/curso-de-pan-y-hosteleria\/\"><img src=\"https:\/\/www.espazoabella.com\/wp-content\/themes\/aurum\/inc\/timthumb.php?src=https:\/\/www.espazoabella.com\/wp-content\/uploads\/2020\/01\/PHOTO-2020-01-10-12-45-51.jpg&w=259&h=330\"><\/a>\n\t\t\t\t\t       <div class=\"corner-ribbon finalizado\">Finalizado<\/div>\n\t\t\t       \t\t\t<span class='fecha-mini-producto'><div class='dia'>17-18<\/div><div>Febrero<\/div><\/span>\n\t\t\n\t\t\t<\/div>\n\t\t<div class=\"item-info\">\n\t\t\t\t\n\t\t<h3>\n\t\t\t<a href=\"https:\/\/www.espazoabella.com\/gl\/tienda\/curso-de-pan-y-hosteleria\/\">Curso de pan e hostelar\u00eda<\/a>\n\t\t<\/h3>\n\n\t\t\t\t<span class=\"autor\">\n\t\t\tGuillermo Moscoso\t\t<\/span>\n\t\t<p>\n\t\t\t\t\t\t\t\t<\/p>\n\t\t\t\t<div class=\"item-payment \">\n\t\t<a rel=\"nofollow\" href=\"\/gl\/wp-json\/wp\/v2\/pages\/694?add-to-cart=2499\" data-quantity=\"1\" data-product_id=\"2499\" data-product_sku=\"\" class=\"button product_type_simple add_to_cart_button ajax_add_to_cart product-type-simple\" data-toggle=\"tooltip\" data-placement=\"right\" data-title=\"A\u00f1adir o carrito\" data-title-loaded=\"Produto a\u00f1adido o carri\u00f1o\"><\/a>\n\t<h3 class=\"price\"><span class=\"woocommerce-Price-amount amount\">350<span class=\"woocommerce-Price-currencySymbol\">&euro;<\/span><\/span><\/h3>\n\t\t<\/div>\n\t<\/div>\t\n\t\t<\/div>\n\n<\/div>\n\n\n<div class=\"item-column col-lg-3 col-md-3 col-sm-6 col-xs-12\">\n\t\n\t<div class=\"shop-item post-839 product type-product status-publish has-post-thumbnail product_cat-cursos-gl  instock virtual taxable purchasable product-type-simple\">\n\t\t\t<div class=\"item-image image-miniatura\">\n\t\t\t\t\t<div class=\"overlay-mini-imagen\"><\/div>\n\t\t\t\t\t\t\n\n\n\n\t\t<a href=\"https:\/\/www.espazoabella.com\/gl\/tienda\/taller-de-cocina-sana-y-saludable\/\"><img src=\"https:\/\/www.espazoabella.com\/wp-content\/themes\/aurum\/inc\/timthumb.php?src=https:\/\/www.espazoabella.com\/wp-content\/uploads\/2019\/05\/vegetables-752153_1280.jpg&w=259&h=330\"><\/a>\n\t\t\t\t\t       <div class=\"corner-ribbon finalizado\">Finalizado<\/div>\n\t\t\t       \t\t\t<span class='fecha-mini-producto'><div class='dia'>21<\/div><div>Junio<\/div><\/span>\n\t\t\n\t\t\t<\/div>\n\t\t<div class=\"item-info\">\n\t\t\t\t\n\t\t<h3>\n\t\t\t<a href=\"https:\/\/www.espazoabella.com\/gl\/tienda\/taller-de-cocina-sana-y-saludable\/\">Taller de coci\u00f1a sa e saud\u00e1bel<\/a>\n\t\t<\/h3>\n\n\t\t\t\t<span class=\"autor\">\n\t\t\tAndr\u00e9 Arz\u00faa\t\t<\/span>\n\t\t<p>\n\t\t\t\t\t\tSempre creo os talleres base\u00e1ndome nun concepto de alimentaci\u00f3n saud\u00e1bel. Desmitifico a idea de que comer san \u00e9 dificil, caro e aburrido. Todas as preparaci\u00f3ns que facemos son r\u00e1pidas e...\t\t<\/p>\n\t\t\t\t<div class=\"item-payment \">\n\t\t<a rel=\"nofollow\" href=\"\/gl\/wp-json\/wp\/v2\/pages\/694?add-to-cart=839\" data-quantity=\"1\" data-product_id=\"839\" data-product_sku=\"\" class=\"button product_type_simple add_to_cart_button ajax_add_to_cart product-type-simple\" data-toggle=\"tooltip\" data-placement=\"right\" data-title=\"A\u00f1adir o carrito\" data-title-loaded=\"Produto a\u00f1adido o carri\u00f1o\"><\/a>\n\t<h3 class=\"price\"><span class=\"woocommerce-Price-amount amount\">65<span class=\"woocommerce-Price-currencySymbol\">&euro;<\/span><\/span><\/h3>\n\t\t<\/div>\n\t<\/div>\t\n\t\t<\/div>\n\n<\/div>\n\n<div class=\"clear-sm\"><\/div>\n<div class=\"item-column col-lg-3 col-md-3 col-sm-6 col-xs-12\">\n\t\n\t<div class=\"shop-item post-740 product type-product status-publish has-post-thumbnail product_cat-cursos-gl  outofstock virtual sold-individually taxable purchasable product-type-simple\">\n\t\t\t<div class=\"item-image image-miniatura\">\n\t\t\t\t\t<div class=\"overlay-mini-imagen\"><\/div>\n\t\t\t\t\t\t\n\n\n\n\t\t<a href=\"https:\/\/www.espazoabella.com\/gl\/tienda\/taller-de-panaderia-e-galletas-para-nenos\/\"><img src=\"https:\/\/www.espazoabella.com\/wp-content\/themes\/aurum\/inc\/timthumb.php?src=https:\/\/www.espazoabella.com\/wp-content\/uploads\/2018\/11\/biscuit-83807_640.jpg&w=259&h=330\"><\/a>\n\t\t\t\t\t       <div class=\"corner-ribbon finalizado\">Finalizado<\/div>\n\t\t\t       \t\t\t<span class='fecha-mini-producto'><div class='dia'>27<\/div><div>Diciembre<\/div><\/span>\n\t\t\n\t\t\t<\/div>\n\t\n\t<div class=\"onsale oos\">Out of stock<\/div>\n\n\t<div class=\"item-info\">\n\t\t\t\t\n\t\t<h3>\n\t\t\t<a href=\"https:\/\/www.espazoabella.com\/gl\/tienda\/taller-de-panaderia-e-galletas-para-nenos\/\">Taller de panader\u00eda e galletas para nenos<\/a>\n\t\t<\/h3>\n\n\t\t\t\t<span class=\"autor\">\n\t\t\tAndr\u00e9 Arz\u00faa\t\t<\/span>\n\t\t<p>\n\t\t\t\t\t\tCon este taller los ni\u00f1os\/as disfrutar\u00e1n y aprender\u00e1n de forma l\u00fadica y manipulativa como es el proceso de elaboraci\u00f3n del pan tradicional y galletas de Navidad. Alg\u00fans obxectivos do curso son:...\t\t<\/p>\n\t\t\t\t<div class=\"item-payment \">\n\t\t<a rel=\"nofollow\" href=\"https:\/\/www.espazoabella.com\/gl\/tienda\/taller-de-panaderia-e-galletas-para-nenos\/\" data-quantity=\"1\" data-product_id=\"740\" data-product_sku=\"\" class=\"button product_type_simple product-type-simple\" data-toggle=\"tooltip\" data-placement=\"right\" data-title=\"Leer m\u00e1is\" data-title-loaded=\"Produto a\u00f1adido o carri\u00f1o\"><\/a>\n\t<h3 class=\"price\"><span class=\"woocommerce-Price-amount amount\">25<span class=\"woocommerce-Price-currencySymbol\">&euro;<\/span><\/span><\/h3>\n\t\t<\/div>\n\t<\/div>\t\n\t\t<\/div>\n\n<\/div>\n\n\n<div class=\"item-column col-lg-3 col-md-3 col-sm-6 col-xs-12\">\n\t\n\t<div class=\"shop-item post-742 product type-product status-publish has-post-thumbnail product_cat-cursos-gl last outofstock virtual sold-individually taxable purchasable product-type-simple\">\n\t\t\t<div class=\"item-image image-miniatura\">\n\t\t\t\t\t<div class=\"overlay-mini-imagen\"><\/div>\n\t\t\t\t\t\t\n\n\n\n\t\t<a href=\"https:\/\/www.espazoabella.com\/gl\/tienda\/taller-de-cocina-de-mercado-e-saludable\/\"><img src=\"https:\/\/www.espazoabella.com\/wp-content\/themes\/aurum\/inc\/timthumb.php?src=https:\/\/www.espazoabella.com\/wp-content\/uploads\/2018\/05\/mediterranean-cuisine-2378758_960_720.jpg&w=259&h=330\"><\/a>\n\t\t\t\t\t       <div class=\"corner-ribbon finalizado\">Finalizado<\/div>\n\t\t\t       \t\t\t<span class='fecha-mini-producto'><div class='dia'>15<\/div><div>Junio<\/div><\/span>\n\t\t\n\t\t\t<\/div>\n\t\n\t<div class=\"onsale oos\">Out of stock<\/div>\n\n\t<div class=\"item-info\">\n\t\t\t\t\n\t\t<h3>\n\t\t\t<a href=\"https:\/\/www.espazoabella.com\/gl\/tienda\/taller-de-cocina-de-mercado-e-saludable\/\">Taller de Coci\u00f1a de Mercado e Saludable<\/a>\n\t\t<\/h3>\n\n\t\t\t\t<span class=\"autor\">\n\t\t\tAndr\u00e9 Arz\u00faa\t\t<\/span>\n\t\t<p>\n\t\t\t\t\t\tMetodolox\u00eda:\u00a0Curso fundamentalmente pr\u00e1ctico con algunha sesi\u00f3n demostrativa. Curso de curta duraci\u00f3n para abordar tem\u00e1ticas moi concretas Caracter\u00edsticas: Os mellores expertos na s\u00faa \u00e1rea...\t\t<\/p>\n\t\t\t\t<div class=\"item-payment \">\n\t\t<a rel=\"nofollow\" href=\"https:\/\/www.espazoabella.com\/gl\/tienda\/taller-de-cocina-de-mercado-e-saludable\/\" data-quantity=\"1\" data-product_id=\"742\" data-product_sku=\"\" class=\"button product_type_simple product-type-simple\" data-toggle=\"tooltip\" data-placement=\"right\" data-title=\"Leer m\u00e1is\" data-title-loaded=\"Produto a\u00f1adido o carri\u00f1o\"><\/a>\n\t<h3 class=\"price\"><span class=\"woocommerce-Price-amount amount\">60<span class=\"woocommerce-Price-currencySymbol\">&euro;<\/span><\/span><\/h3>\n\t\t<\/div>\n\t<\/div>\t\n\t\t<\/div>\n\n<\/div>\n\n<div class=\"clear-md\"><\/div><div class=\"clear-sm\"><\/div>\n<div class=\"item-column col-lg-3 col-md-3 col-sm-6 col-xs-12\">\n\t\n\t<div class=\"shop-item post-744 product type-product status-publish has-post-thumbnail product_cat-cursos-gl first outofstock sold-individually taxable shipping-taxable purchasable product-type-simple\">\n\t\t\t<div class=\"item-image image-miniatura\">\n\t\t\t\t\t<div class=\"overlay-mini-imagen\"><\/div>\n\t\t\t\t\t\t\n\n\n\n\t\t<a href=\"https:\/\/www.espazoabella.com\/gl\/tienda\/taller-de-bomboneria\/\"><img src=\"https:\/\/www.espazoabella.com\/wp-content\/themes\/aurum\/inc\/timthumb.php?src=https:\/\/www.espazoabella.com\/wp-content\/uploads\/2018\/10\/chocolates-1737503_960_720.jpg&w=259&h=330\"><\/a>\n\t\t\t\t\t       <div class=\"corner-ribbon finalizado\">Finalizado<\/div>\n\t\t\t       \t\t\t<span class='fecha-mini-producto'><div class='dia'>05<\/div><div>Febrero<\/div><\/span>\n\t\t\n\t\t\t<\/div>\n\t\n\t<div class=\"onsale oos\">Out of stock<\/div>\n\n\t<div class=\"item-info\">\n\t\t\t\t\n\t\t<h3>\n\t\t\t<a href=\"https:\/\/www.espazoabella.com\/gl\/tienda\/taller-de-bomboneria\/\">Taller de bomboner\u00eda<\/a>\n\t\t<\/h3>\n\n\t\t\t\t<span class=\"autor\">\n\t\t\tAndr\u00e9 Arz\u00faa\t\t<\/span>\n\t\t<p>\n\t\t\t\t\t\t\u00a1En San Valent\u00edn, dillo con chocolate! Aprende a facer todo tipo de bomb\u00f3ns e sorprende aos teus coas t\u00faas creaci\u00f3ns chocolateiras. Un taller divertido onde aprender\u00e1s a facer ganaches,...\t\t<\/p>\n\t\t\t\t<div class=\"item-payment \">\n\t\t<a rel=\"nofollow\" href=\"https:\/\/www.espazoabella.com\/gl\/tienda\/taller-de-bomboneria\/\" data-quantity=\"1\" data-product_id=\"744\" data-product_sku=\"\" class=\"button product_type_simple product-type-simple\" data-toggle=\"tooltip\" data-placement=\"right\" data-title=\"Leer m\u00e1is\" data-title-loaded=\"Produto a\u00f1adido o carri\u00f1o\"><\/a>\n\t<h3 class=\"price\"><span class=\"woocommerce-Price-amount amount\">50<span class=\"woocommerce-Price-currencySymbol\">&euro;<\/span><\/span><\/h3>\n\t\t<\/div>\n\t<\/div>\t\n\t\t<\/div>\n\n<\/div>\n\n\n<div class=\"item-column col-lg-3 col-md-3 col-sm-6 col-xs-12\">\n\t\n\t<div class=\"shop-item post-746 product type-product status-publish has-post-thumbnail product_cat-cursos-gl  outofstock sold-individually taxable shipping-taxable purchasable product-type-simple\">\n\t\t\t<div class=\"item-image image-miniatura\">\n\t\t\t\t\t<div class=\"overlay-mini-imagen\"><\/div>\n\t\t\t\t\t\t\n\n\n\n\t\t<a href=\"https:\/\/www.espazoabella.com\/gl\/tienda\/panaderia-y-bolleria\/\"><img src=\"https:\/\/www.espazoabella.com\/wp-content\/themes\/aurum\/inc\/timthumb.php?src=https:\/\/www.espazoabella.com\/wp-content\/uploads\/2018\/05\/cur01.jpg&w=259&h=330\"><\/a>\n\t\t\t\t\t       <div class=\"corner-ribbon finalizado\">Finalizado<\/div>\n\t\t\t       \t\t\t<span class='fecha-mini-producto'><div class='dia'>15-16<\/div><div>Enero<\/div><\/span>\n\t\t\n\t\t\t<\/div>\n\t\n\t<div class=\"onsale oos\">Out of stock<\/div>\n\n\t<div class=\"item-info\">\n\t\t\t\t\n\t\t<h3>\n\t\t\t<a href=\"https:\/\/www.espazoabella.com\/gl\/tienda\/panaderia-y-bolleria\/\">Panader\u00eda e Bolos<\/a>\n\t\t<\/h3>\n\n\t\t\t\t<span class=\"autor\">\n\t\t\tXavier Barriga\t\t<\/span>\n\t\t<p>\n\t\t\t\t\t\tPanader\u00eda y bolos de alta calidade para almorzos y merendas aplicadas a hostalar\u00eda y restauraci\u00f3n. Xavier Barriga: Especialista e innovador da panadar\u00eda artes\u00e1. Proxecto actual: Panadar\u00edas...\t\t<\/p>\n\t\t\t\t<div class=\"item-payment \">\n\t\t<a rel=\"nofollow\" href=\"https:\/\/www.espazoabella.com\/gl\/tienda\/panaderia-y-bolleria\/\" data-quantity=\"1\" data-product_id=\"746\" data-product_sku=\"\" class=\"button product_type_simple product-type-simple\" data-toggle=\"tooltip\" data-placement=\"right\" data-title=\"Leer m\u00e1is\" data-title-loaded=\"Produto a\u00f1adido o carri\u00f1o\"><\/a>\n\t<h3 class=\"price\"><span class=\"woocommerce-Price-amount amount\">400<span class=\"woocommerce-Price-currencySymbol\">&euro;<\/span><\/span><\/h3>\n\t\t<\/div>\n\t<\/div>\t\n\t\t<\/div>\n\n<\/div>\n\n<div class=\"clear-sm\"><\/div>\n<div class=\"item-column col-lg-3 col-md-3 col-sm-6 col-xs-12\">\n\t\n\t<div class=\"shop-item post-748 product type-product status-publish has-post-thumbnail product_cat-cursos-gl  outofstock virtual sold-individually taxable purchasable product-type-simple\">\n\t\t\t<div class=\"item-image image-miniatura\">\n\t\t\t\t\t<div class=\"overlay-mini-imagen\"><\/div>\n\t\t\t\t\t\t\n\n\n\n\t\t<a href=\"https:\/\/www.espazoabella.com\/gl\/tienda\/cocina-verde\/\"><img src=\"https:\/\/www.espazoabella.com\/wp-content\/themes\/aurum\/inc\/timthumb.php?src=https:\/\/www.espazoabella.com\/wp-content\/uploads\/2018\/01\/rodrigo-de-la-calle-tgj-scaled.jpg&w=259&h=330\"><\/a>\n\t\t\t\t\t       <div class=\"corner-ribbon finalizado\">Finalizado<\/div>\n\t\t\t       \t\t\t<span class='fecha-mini-producto'><div class='dia'>29<\/div><div>Enero<\/div><\/span>\n\t\t\n\t\t\t<\/div>\n\t\n\t<div class=\"onsale oos\">Out of stock<\/div>\n\n\t<div class=\"item-info\">\n\t\t\t\t\n\t\t<h3>\n\t\t\t<a href=\"https:\/\/www.espazoabella.com\/gl\/tienda\/cocina-verde\/\">Coci\u00f1a verde<\/a>\n\t\t<\/h3>\n\n\t\t\t\t<span class=\"autor\">\n\t\t\tRodrigo de la Calle\t\t<\/span>\n\t\t<p>\n\t\t\t\t\t\tReivindicador do papel principal da verdura, l\u00edder do concepto de gastro bot\u00e1nica Ga\u00f1ador do premio, Cocinero Revelaci\u00f3n de Madrid Fusi\u00f3n Proxecto actual: Restaurante El invernadero en Madrid...\t\t<\/p>\n\t\t\t\t<div class=\"item-payment \">\n\t\t<a rel=\"nofollow\" href=\"https:\/\/www.espazoabella.com\/gl\/tienda\/cocina-verde\/\" data-quantity=\"1\" data-product_id=\"748\" data-product_sku=\"\" class=\"button product_type_simple product-type-simple\" data-toggle=\"tooltip\" data-placement=\"right\" data-title=\"Leer m\u00e1is\" data-title-loaded=\"Produto a\u00f1adido o carri\u00f1o\"><\/a>\n\t<h3 class=\"price\"><span class=\"woocommerce-Price-amount amount\">400<span class=\"woocommerce-Price-currencySymbol\">&euro;<\/span><\/span><\/h3>\n\t\t<\/div>\n\t<\/div>\t\n\t\t<\/div>\n\n<\/div>\n\n\t\t\n\t\t<\/div>\n\t\t\n\t\t\t\t\n\n\t<\/div>\n\n<\/div><\/div>[\/vc_column_text][\/vc_column][\/vc_row]<\/p>\n","protected":false},"excerpt":{"rendered":"<p>[vc_row container_wrap=&#8221;yes&#8221; el_class=&#8221;contenedor-interior-cursos&#8221;][vc_column el_class=&#8221;contenedor-interior-cursos&#8221;][vc_column_text][\/vc_column_text][\/vc_column][\/vc_row]<\/p>\n","protected":false},"author":2,"featured_media":0,"parent":0,"menu_order":0,"comment_status":"closed","ping_status":"closed","template":"pagina-cursos.php","meta":[],"_links":{"self":[{"href":"https:\/\/www.espazoabella.com\/gl\/wp-json\/wp\/v2\/pages\/694"}],"collection":[{"href":"https:\/\/www.espazoabella.com\/gl\/wp-json\/wp\/v2\/pages"}],"about":[{"href":"https:\/\/www.espazoabella.com\/gl\/wp-json\/wp\/v2\/types\/page"}],"author":[{"embeddable":true,"href":"https:\/\/www.espazoabella.com\/gl\/wp-json\/wp\/v2\/users\/2"}],"replies":[{"embeddable":true,"href":"https:\/\/www.espazoabella.com\/gl\/wp-json\/wp\/v2\/comments?post=694"}],"version-history":[{"count":0,"href":"https:\/\/www.espazoabella.com\/gl\/wp-json\/wp\/v2\/pages\/694\/revisions"}],"wp:attachment":[{"href":"https:\/\/www.espazoabella.com\/gl\/wp-json\/wp\/v2\/media?parent=694"}],"curies":[{"name":"wp","href":"https:\/\/api.w.org\/{rel}","templated":true}]}}