{"id":692,"date":"2018-05-25T11:02:24","date_gmt":"2018-05-25T11:02:24","guid":{"rendered":"https:\/\/www.espazoabella.com\/politica-de-cookies\/"},"modified":"2019-01-07T20:19:17","modified_gmt":"2019-01-07T19:19:17","slug":"politica-de-cookies","status":"publish","type":"page","link":"https:\/\/www.espazoabella.com\/gl\/politica-de-cookies\/","title":{"rendered":"Cookies"},"content":{"rendered":"<p>[vc_row container_wrap=&#8221;yes&#8221; el_class=&#8221;pagina-legal-principio&#8221;][vc_column el_class=&#8221;container&#8221;][vc_column_text]A web www.espazoabella.com utiliza cookies para facilitar a relaci\u00f3n dos visitantes co noso contido e para permitir elaborar estat\u00edsticas sobre os visitantes que recibimos. En cumprimiento da Directiva 2009\/136\/CE, desenvolvida no noso ordenamento polo apartado segundo do artigo 22 da Lei de Servizos de Sociedade da Informaci\u00f3n, seguindo as directrices da Axencia Espa\u00f1ola de Protecci\u00f3n de Datos, procedemos a informarlte detalladamente do uso que se realiza na nosa web.<\/p>\n<h3>\u00bfQue son as cookies?<\/h3>\n<p>Denom\u00ednanse cookies a uns pequenos arquivos que se gravan no navegador utilizado por cada visitante da nosa web para que o servidor poida recordar a visita dese usuario con posterioridade cando volva acceder aos nosos contidos. Esta informaci\u00f3n non revela\u00a0 a s\u00faa identidade, nin dato persoal alg\u00fan, nin accede ao contido almacenado no seu pc, pero si que permite ao noso sistema identificarlle a vostede como un usuario (an\u00f3nimo) determinado que xa visitou a web con anterioridade, visualizou determinadas p\u00e1xinas, etc. e ademais permite gardar as s\u00faas preferencias personais e informaci\u00f3n t\u00e9cnica como por exemplo as visitas realizadas ou p\u00e1xinas concretas que visite.<\/p>\n<h3>Xestionar Cookies<\/h3>\n<p>Se vostede non desexa que se garden cookies no seu navegador ou prefire recibir unha informaci\u00f3n cada vez que unha cookie solicite instalarse, pode configurar as s\u00faas opci\u00f3ns de navegaci\u00f3n para que se faga desa forma. A maior parte dos navegadores permiten a xesti\u00f3n das cookies de 3 formas diferentes:<\/p>\n<ul class=\"\">\n<li>As cookies son sempre rechazadas;<\/li>\n<li>O navegador pregunta se o usuario desexa instalar cada cookie;<\/li>\n<li>As cookies son sempre aceptadas;<\/li>\n<\/ul>\n<p>O seu navegador tam\u00e9n pode inclu\u00edr a posibilidade de seleccionar con detalle as cookies que desexa que se instalen no seu ordenador. En concreto, o usuario pode normalmente aceptar algunha das seguintes opci\u00f3ns:<\/p>\n<ul class=\"\">\n<li>rechazar as cookies de determinados dominios;<\/li>\n<li>rechazar as cookies de terceiros;<\/li>\n<li>aceptar cookies como non persistentes (elim\u00ednanse cando o navegador se cerra);<\/li>\n<li>permitir ao servidor crear cookies para un dominio diferente.<\/li>\n<\/ul>\n<p>Pode encontrar informaci\u00f3n sobre como configurar os navegadores m\u00e1is usados nos seguintes enlaces:<\/p>\n<ul class=\"\">\n<li><a href=\"http:\/\/support.google.com\/chrome\/bin\/answer.py?hl=es&amp;answer=95647\" target=\"_blank\" rel=\"noopener noreferrer\">Google Chrome<\/a><\/li>\n<li><a href=\"http:\/\/windows.microsoft.com\/es-es\/windows7\/how-to-manage-cookies-in-internet-explorer-9\" target=\"_blank\" rel=\"noopener noreferrer\">Internet Explorer<\/a><\/li>\n<li><a href=\"http:\/\/support.mozilla.org\/kb\/habilitar-y-deshabilitar-cookies-que-los-sitios-we\" target=\"_blank\" rel=\"noopener noreferrer\">Mozilla Firefox<\/a>\u00a0\u2013\u00a0<a href=\"http:\/\/support.mozilla.org\/kb\/Borrar%20cookies\" target=\"_blank\" rel=\"noopener noreferrer\">(Borrar Cookies en Mozilla Firefox)<\/a><\/li>\n<li><a href=\"http:\/\/support.apple.com\/kb\/ph5042\" target=\"_blank\" rel=\"noopener noreferrer\">Safari<\/a>\u00a0\u2013\u00a0<a href=\"http:\/\/es.wikihow.com\/borrar-cookies-en-Safari\" target=\"_blank\" rel=\"noopener noreferrer\">(Borrar Cookies en Safari)<\/a><\/li>\n<\/ul>\n<p>Respecto das cookies de terceiros, \u00e9 dicir aquelas que son allenas ao noso sitio web, non podemos facernos responsables do contido e veracidade das pol\u00edticas de privacidade que eles incl\u00faen polo que a informaci\u00f3n que lle ofrecemos \u00e9 sempre con referencia \u00e1 fonte. En caso de d\u00fabidas dir\u00edxase ao webmaster do dominio creador da cookie.<\/p>\n<p>Se desexa consultar as condici\u00f3ns completas de uso do sitio www.espazoabella.com pode facelo <a href=\"https:\/\/www.espazoabella.com\/gl\/aviso-legal\">neste enlace<\/a>.<\/p>\n<p>A continuaci\u00f3n inform\u00e1moslle detalladamente das cookies que poden instalarse dende o noso sitio www.espazoabella.com . En funci\u00f3n da s\u00faa navegaci\u00f3n poder\u00e1n instalarse todas ou s\u00f3 algunhas delas.<\/p>\n<div class=\"table-responsive\">\n<table class=\"table table-striped\">\n<thead>\n<tr>\n<th class=\"destaca-lista\">Dominio<\/th>\n<th class=\"destaca-lista\">Nome da Cookie<\/th>\n<th class=\"destaca-lista\">Descrici\u00f3n<\/th>\n<th class=\"destaca-lista\">M\u00e1is Informaci\u00f3n<\/th>\n<\/tr>\n<\/thead>\n<tbody>\n<tr>\n<td>www.espazoabella.com<\/td>\n<td>PHPSESSID<\/td>\n<td>Cookie utilizada pola linguaxe de programaci\u00f3n PHP para permitir que as variables de sesi\u00f3n sexan gardadas no servidor web. Esta cookie \u00e9 esencial para o funcionamento da web.<\/td>\n<td><a href=\"https:\/\/www.espazoabella.com\/gl\/politica-de-privacidade\/\" target=\"_blank\" rel=\"noopener noreferrer\">Pol\u00edtica de Privacidade<\/a><\/td>\n<\/tr>\n<tr>\n<td>www.espazoabella.com<\/td>\n<td>_icl_current_language<\/td>\n<td>Identifica o idioma en que se lle debe mostrar a web ao usuario.<\/td>\n<td><a href=\"https:\/\/www.espazoabella.com\/gl\/politica-de-privacidade\/\" target=\"_blank\" rel=\"noopener noreferrer\">Pol\u00edtica de Privacidade<\/a><\/td>\n<\/tr>\n<tr>\n<td>www.espazoabella.com<\/td>\n<td>_ga<\/td>\n<td>Google Analytics \u00e9 unha ferramenta gratu\u00edta de an\u00e1lise web de Google que principalmente permite que os propietarios de sitios web co\u00f1ezan como interact\u00faan os usuarios co seu sitio web. Asemade, habilita cookies para recopilar informaci\u00f3n de forma an\u00f3nima e elaborar informes de tendencias de sitios web sen identificar a usuarios individuais.<\/td>\n<td><a href=\"https:\/\/policies.google.com\/privacy?hl=es\" target=\"_blank\" rel=\"noopener noreferrer\">Pol\u00edtica de Privacidade<\/a><\/td>\n<\/tr>\n<tr>\n<td>google.com<\/td>\n<td>Nid, identificador de canal<\/td>\n<td>Recopila de forma an\u00f3nima os h\u00e1bitos de uso do sitio dos visitantes e as p\u00e1xinas que viron.<\/td>\n<td><a href=\"http:\/\/www.google.com\/intl\/es_ALL\/privacypolicy.html\" target=\"_blank\" rel=\"noopener noreferrer\">Pol\u00edtica de Privacidade<\/a><\/td>\n<\/tr>\n<tr>\n<td>twitter.com<\/td>\n<td>_utma, utmb, utmc, utmz, guestid, remember_checked, remember_checked_on, secure_sesion, twll<\/td>\n<td>Permite compartir contidos da web en twitter<\/td>\n<td><a href=\"https:\/\/twitter.com\/privacy\" target=\"_blank\" rel=\"noopener noreferrer\">Pol\u00edtica de Privacidade<\/a><\/td>\n<\/tr>\n<tr>\n<td>facebook.com<\/td>\n<td>Act, c_user, csm, datr, fl, lu, p, presence, s, sub, xs<\/td>\n<td>Permite compartir contidos da web en <span style=\"font-family: inherit; font-size: inherit;\">facebook<\/span><\/td>\n<td><a href=\"https:\/\/www.facebook.com\/about\/privacy\/\" target=\"_blank\" rel=\"noopener noreferrer\">Pol\u00edtica de Privacidade<\/a><\/td>\n<\/tr>\n<tr>\n<td>pinterest.com<\/td>\n<td>_pinterest_cm<\/td>\n<td>Permite compartir contidos da web en <span style=\"font-family: inherit; font-size: inherit;\">pinterest<\/span><\/td>\n<td><a href=\"http:\/\/es.about.pinterest.com\/privacy\/\" target=\"_blank\" rel=\"noopener noreferrer\">Pol\u00edtica de Privacidade<\/a><\/td>\n<\/tr>\n<tr>\n<td>youtube.com<\/td>\n<td>Pref, visitor-info-live, ysc<\/td>\n<td>Permite a visualizaci\u00f3n de v\u00eddeos e c\u00f3mputo das reproduci\u00f3ns.<\/td>\n<td><a href=\"http:\/\/www.google.es\/intl\/policies\/privacy\/\" target=\"_blank\" rel=\"noopener noreferrer\">Pol\u00edtica de Privacidade<\/a><\/td>\n<\/tr>\n<\/tbody>\n<\/table>\n<\/div>\n<p>Ao navegar e continuar na nosa web ind\u00edcasnos que est\u00e1s consentindo o uso das cookies antes enunciadas, e nas condici\u00f3ns contidas na presente Pol\u00edtica de Cookies.[\/vc_column_text][\/vc_column][\/vc_row]<\/p>\n","protected":false},"excerpt":{"rendered":"<p>[vc_row container_wrap=&#8221;yes&#8221; el_class=&#8221;pagina-legal-principio&#8221;][vc_column el_class=&#8221;container&#8221;][vc_column_text]A web www.espazoabella.com utiliza cookies para facilitar a relaci\u00f3n dos visitantes co noso contido e para permitir elaborar estat\u00edsticas sobre os visitantes que recibimos. En cumprimiento da Directiva 2009\/136\/CE, desenvolvida no noso ordenamento polo apartado segundo do artigo 22 da Lei de Servizos de Sociedade da Informaci\u00f3n, seguindo as directrices da Axencia Espa\u00f1ola de Protecci\u00f3n de Datos, procedemos a informarlte detalladamente do uso que se realiza na nosa web. \u00bfQue son as&hellip;<\/p>\n","protected":false},"author":2,"featured_media":0,"parent":0,"menu_order":0,"comment_status":"closed","ping_status":"closed","template":"pagina-interior.php","meta":[],"_links":{"self":[{"href":"https:\/\/www.espazoabella.com\/gl\/wp-json\/wp\/v2\/pages\/692"}],"collection":[{"href":"https:\/\/www.espazoabella.com\/gl\/wp-json\/wp\/v2\/pages"}],"about":[{"href":"https:\/\/www.espazoabella.com\/gl\/wp-json\/wp\/v2\/types\/page"}],"author":[{"embeddable":true,"href":"https:\/\/www.espazoabella.com\/gl\/wp-json\/wp\/v2\/users\/2"}],"replies":[{"embeddable":true,"href":"https:\/\/www.espazoabella.com\/gl\/wp-json\/wp\/v2\/comments?post=692"}],"version-history":[{"count":3,"href":"https:\/\/www.espazoabella.com\/gl\/wp-json\/wp\/v2\/pages\/692\/revisions"}],"predecessor-version":[{"id":755,"href":"https:\/\/www.espazoabella.com\/gl\/wp-json\/wp\/v2\/pages\/692\/revisions\/755"}],"wp:attachment":[{"href":"https:\/\/www.espazoabella.com\/gl\/wp-json\/wp\/v2\/media?parent=692"}],"curies":[{"name":"wp","href":"https:\/\/api.w.org\/{rel}","templated":true}]}}