{"id":690,"date":"2018-05-25T11:02:12","date_gmt":"2018-05-25T11:02:12","guid":{"rendered":"https:\/\/www.espazoabella.com\/aviso-legal\/"},"modified":"2019-01-07T13:06:37","modified_gmt":"2019-01-07T12:06:37","slug":"aviso-legal","status":"publish","type":"page","link":"https:\/\/www.espazoabella.com\/gl\/aviso-legal\/","title":{"rendered":"Aviso Legal"},"content":{"rendered":"<p>[vc_row container_wrap=&#8221;yes&#8221; el_class=&#8221;pagina-interior-noslider&#8221;][vc_column el_class=&#8221;container&#8221;][vc_column_text]<\/p>\n<h3>Datos identificativos<\/h3>\n<p>En cumprimento do deber de informaci\u00f3n recollido no artigo 10 da Lei 34\/2002, de 11 de xullo, de Servizos da Sociedade da Informaci\u00f3n e do Comercio electr\u00f3nico, a continuaci\u00f3n se reflexan os siguentes datos: a empresa titular de www.espazoabella.com \u00e9 COCI\u00d1A AVATAR, S.L., con CIF B-70119532 e enderezo a estes efectos en Formar\u00eds 26A, 15.884, Santiago de Compostela (A Coru\u00f1a), con correo electr\u00f3nico de contacto: info@espazoabella.com<\/p>\n<h3>Usuarios<strong><br \/>\n<\/strong><\/h3>\n<p>O acceso e\/ou uso deste portal de COCI\u00d1A AVATAR, S.L. atrib\u00fae a condici\u00f3n de USUARIO, que acepta, dende dito acceso e\/ou uso, as Condici\u00f3ns Xeraies de uso aqu\u00ed reflexadas. As citadas condici\u00f3ns ser\u00e1n de aplicaci\u00f3n independentemente das Condici\u00f3ns Xerais de Contrataci\u00f3n que no seu caso resulten de obrigado cumprimento.<\/p>\n<h3>Uso do portal<strong><br \/>\n<\/strong><\/h3>\n<p>www.espazoabella.com proporciona o acceso a multitude de informaci\u00f3ns, servizos, programas ou datos (en adiante, \u201cos contidos\u201d) en Internet pertencentes a COCI\u00d1A AVATAR, S.L. aos que o USUARIO poida ter acceso. O USUARIO asume a responsabilidade de uso de portal. Dita responsabilidade ext\u00e9ndese ao rexistro que fose necesario para acceder a determinados servizos ou contidos.<\/p>\n<p>En dito rexistro o USUARIO ser\u00e1 responsable de aportar informaci\u00f3n veraz e l\u00edcita. Como consecuencia deste registro, ao USUARIO p\u00f3deselle proporcionar un contrasinal do que ser\u00e1 responsable, compromet\u00e9ndose a facer un uso dilixente e confidencial da mesma. O USUARIO comprom\u00e9tese a facer un uso adecuado dos contidos e servizos que COCI\u00d1A AVATAR, S.L. ofrece a trav\u00e9s da s\u00faa p\u00e1xina Web, compromet\u00e9ndose a non utilizalos para actividades que poidan ser il\u00edcitas, contrarias \u00e1 orde p\u00fablica, \u00e1 defensa nacional ou \u00e1 sa\u00fade p\u00fablica.<\/p>\n<p>En todo caso, COCI\u00d1A AVATAR, S.L. res\u00e9rvase o dereito de modificar unilateralmente, en calquera momento e sen necesidade de previo aviso, a estructura e dese\u00f1o do sitio Web: modificar ou eliminar servizos ou contidos as\u00ed como as condici\u00f3ns de acceso e\/ou uso do sitio Web.<\/p>\n<p>Do mesmo modo COCI\u00d1A AVATAR, S.L. res\u00e9rvase o dereito a modificar en calquera momento as presentes condici\u00f3ns de uso, as\u00ed como calquera outras condici\u00f3ns particulares contidas no sitio web www.espazoabella.com<\/p>\n<h3>Protecci\u00f3n de datos de car\u00e1cter persoal<\/h3>\n<p>En cumprimento do establecido no Regulamento Xeral (UE) 2016\/679 de Protecci\u00f3n de Datos, comunicamos ao usuario que os datos persoais que nos facilite de forma voluntaria , por calquera dos nosos medios de recollida de informaci\u00f3n, van ser incorporados \u00e1s Actividades de Tratamento automatizados de datos de car\u00e1cter persoal titularidade de COCI\u00d1A AVATAR, S.L., co fin de poderle prestar os nosos servizos, as\u00ed como para manterlle informado sobre cuesti\u00f3nn relativas \u00e1\u00a0 actividade da empresa e os seus servizos. Os campos marcados con \u201c*\u201d son de car\u00e1cter obrigatorio, polo que o non cubrir ditos campos impedir\u00e1 a USUARIO gozar de alg\u00fans dos Servizos e informaci\u00f3ns ofrecidas na Web. Os datos contidos neles ser\u00e1n tratados de forma confidencial.<\/p>\n<p>COCI\u00d1A AVATAR, S.L. cumpre integramente coa lexislaci\u00f3n vixente en materia de protecci\u00f3n de datos de car\u00e1cter persoal, e cos compromisos de confidencialidade propios da s\u00faa actividade.<\/p>\n<p>COCI\u00d1A AVATAR, S.L. adoptou as medidas t\u00e9cnicas necesarias para manter o nivel de seguridade requerido, segundo a natureza dos datos persoais tratados e as circunstancias do tratamento, co fin\u00a0 de evitar, na medida do posible e sempre segundo o estado da t\u00e9cnica, a s\u00faa alteraci\u00f3n, perda, tratamento ou acceso non autorizado. Para a realizaci\u00f3n da xesti\u00f3n antes mencionada pode ser necesario que se cedan os datos a encargados del tratamento, empresas colaboradoras e administraci\u00f3ns p\u00fablicas (as cuales poden verificar a veracidade dos datos).<\/p>\n<p>En caso de que o USUARIO facilite datos de car\u00e1cter persoal, referentes a personas f\u00edsicas distintas a si mesmo, o USUARIO deber\u00e1, con car\u00e1cter previo \u00e1 inclusi\u00f3n, informarlles do contenido da presente cl\u00e1usula, de acuerdo co establecido en el Regluamento Xeral (UE) 2016\/679 de Protecci\u00f3n de Datos.<\/p>\n<p>COCI\u00d1A AVATAR, S.L. como responsable da Actividade de Tratamento, garantiza o exercicio dos dereitos de acceso, rectificaci\u00f3n, supresi\u00f3n, limitaci\u00f3n, oposici\u00f3n e portabilidade dos datos aportados, segundo o disposto no Regulamento Xeral (UE) 2016\/679 de Protecci\u00f3n de Datos, o USUARIO podr\u00e1 exercer en todo momento os dereitos, dirixindo un escrito ao enderezo social, adxuntando copia do DNI ou Pasaporte.<\/p>\n<p>COCI\u00d1A AVATAR, S.L. garantiza que todas as comunicaci\u00f3ns comerciais que dirixe a os seus clientes cumpren a normativa vixente.<\/p>\n<p>Por elo, en cumprimiento da Lei 34\/2002 de Servizos da Sociedade da Informaci\u00f3n e de Comercio Electr\u00f3nico e a Ley 9\/2014 Xeral de Telecomunicaci\u00f3ns, inf\u00f3rmase ao USUARIO que COCI\u00d1A AVATAR, S.L. poder\u00e1 enviarlle por medios electr\u00f3nicos informaci\u00f3n acerca de produtos e servizos de interese ao que Vd. Presta o seu consentimento.<\/p>\n<p>En calquera momento poder\u00e1 revocar esta autorizaci\u00f3n no correo info@espazoabella.com<\/p>\n<h3>Uso de Cookies<strong><br \/>\n<\/strong><\/h3>\n<p>Adv\u00edrtese ao USUARIO que este sitio Web utiliza cookies. As cookies son pequenos archivos de texto que se instalan no navegador do ordenador do USUARIO para rexistrar a s\u00faa actividade, enviando unha identificaci\u00f3n an\u00f3nima que se almacena no mesmo, coa finalidade de que la navegaci\u00f3n sexa m\u00e1is sinxela, permitendo por exemplo, o acceso aos USUARIOS que se rexistrasen previamente e o acceso \u00e1 \u00e1reas, servizos, promoci\u00f3ns ou concursos reservados exclusivamente a eles sen ter que rexistrarse en cada visita. P\u00f3dense utilizar tam\u00e9n para medir a audiencia, par\u00e1metros do tr\u00e1fico e navegaci\u00f3n, tempo de sesi\u00f3n, e\/ou controlar o progreso e n\u00famero de entradas. COCI\u00d1A AVATAR, S.L. procurar\u00e1 en todo momento establecer mecanismos axeitados para obter o consentimiento del USUARIO para la instalaci\u00f3n de cookies que lo requieran. No obstante lo anterior, deber\u00e1 tenerse en cuenta que de conformidad con la ley, se entender\u00e1 que (i) el USUARIO ha dado su consentimento se modifica a configuraci\u00f3n do navegador deshabilitando as restricci\u00f3ns que impiden a entrada de cookies e\u00a0 (ii) que o referido consentimento non ser\u00e1 preciso para a instalaci\u00f3n de aquelas cookies que sexan estritamente necesarias para a prestaci\u00f3n dun servizo expresamente solicitado polo USUARIO (mediante rexistro previo).<\/p>\n<p>Pode ocorrer que algunhas cookies utilizadas neste sitio Web non estean relacionadas con COCI\u00d1A AVATAR, S.L. Elo d\u00e9bese a que algunhas p\u00e1xinas do sitio Web tienen insertado contido procedente de webs de terceiras partes (como por exemplo un v\u00eddeo de YouTube).<\/p>\n<p>Debido a que o referido contenido procede de outra web, COCI\u00d1A AVATAR, S.L. non controla a configuraci\u00f3n de ditas cookies. Se vostede quere cambiar as s\u00faas preferencias de configuraci\u00f3n de cookies, deber\u00e1 consultar os sitios Web de ditas terceiras partes para obter informaci\u00f3n.<\/p>\n<h3>\u00a0Propiedade intelectual e industrial<\/h3>\n<p>COCI\u00d1A AVATAR, S.L. por si o como cesionaria, \u00e9 titular de todos os dereitos de propiedade intelectual e industrial da s\u00faa p\u00e1xina Web, as\u00ed como dos elementos contidos na mesma (a t\u00edtulo enunciativo, imaxes, son, audio, v\u00eddeo, software ou textos; marcas ou logotipos, combinaci\u00f3ns de cores, estrutura e dese\u00f1o..), quedando expresamente prohibidas a s\u00faa reproducci\u00f3n, distribuci\u00f3n e comunicaci\u00f3n p\u00fablica, inclu\u00edda a modalidade de posta a disposici\u00f3n da totalidade ou parte dos contidos desta p\u00e1xina Web, en calquera soporte e por calquera medio t\u00e9cnico, sen a autorizaci\u00f3n de COCI\u00d1A AVATAR, S.L.<\/p>\n<p>O USUARIO comprom\u00e9tese a respectar os dereitos de Propiedade intelectual e Industrial titularidade de COCI\u00d1A AVATAR, S.L. O USUARIO deber\u00e1 absterse de suprimir, alterar, eludir ou manipular calquera dispositivo de protecci\u00f3n ou sistema de seguridade que estivera instalado na p\u00e1gina Web.<\/p>\n<h3>Exclusi\u00f3n de garant\u00edas y responsabilidade<\/h3>\n<p>COCI\u00d1A AVATAR, S.L. non se fai responsable, en ning\u00fan caso, dos danos y perxu\u00edzos de calquera natureza que puideran ocasionar, a t\u00edtulo enunciativo: erros ou omisi\u00f3ns nos contidos, falta de dispo\u00f1ibilidade do sitio Web ou a trasmisi\u00f3n de virus ou programas maliciosos ou lesivos nos contidos, a pesar de ter adoptado todas as medidas tecnol\u00f3xicas necesarias para evitalo.<\/p>\n<p>Deficiencias do servizo, das redes de comunicaci\u00f3n, dos problemas resultantes do mal funcionamento ou uso de versi\u00f3ns non optimizadas de cualquera navegador, posibles erros de seguridade que se poden producir nin dos posibles danos que se poidan causar no sistema inform\u00e1tico do USUARIO, aos ficheiros ou documentos almacenados no mesmo, como consecuencia da presenza de virus no ordenador do USUARIO utilizado para a conexi\u00f3n aos servizos e contidos do sitio Web, avar\u00edas telef\u00f3nicas, interferencias, omisi\u00f3ns ou desconexi\u00f3ns no funcionamento operativo do sistema electr\u00f3nico motivados por causas alleas a COCI\u00d1A AVATAR, S.L.; do co\u00f1ecemento que poidan ter terceiros non autorizados da clase, condici\u00f3ns, caracter\u00edsticas e circunstancias de acceso e uso que os USUARIOS fan do sitio Web e das informaci\u00f3ns e servizos. Do uso il\u00edcito, neglixente, fraudulento, contrario \u00e1s presentes Condici\u00f3ns Xerais, \u00e1 boa fe, aos usos xerais aceptados ou \u00e1 orde p\u00fablica, do sitio Web, os seus servizos ou contidos, por parte dos USUARIOS<\/p>\n<h3>Modificaci\u00f3ns<strong><br \/>\n<\/strong><\/h3>\n<p>COCI\u00d1A AVATAR, S.L. res\u00e9rvase o dereito a efectuar sen previo aviso as modificaci\u00f3ns que considere oportunas na p\u00e1xina web, podendo cambiar, suprimir ou engadir tanto contidos e servizos que se presten a trav\u00e9s da mesma como a forma na que estes aparezan presentados ou localizados no seu portal.<\/p>\n<h3>Enlaces<\/h3>\n<p>No caso de que en www.espazoabella.com se dispuxesen enlaces ou hiperv\u00ednculos cara outros sitios de internet, COCI\u00d1A AVATAR, S.L. non exercer\u00e1 ning\u00fan tipo de control sobre ditos sitios e contido. Baixo ninguna circunstancia, COCI\u00d1A AVATAR, S.L. asumir\u00e1 responsabilidade algunha polos contidos de alg\u00fan enlace pertencente a un sitio web alleo, nin garantir\u00e1 a dispo\u00f1ibilidade t\u00e9cnica, calidade fiabilidade, exactitude, amplitude, veracidade, validez e constitucionalidade de calquera material ou informaci\u00f3n contida en ning\u00fan de ditos hiperv\u00ednculos ou outros sitios de internet. Igualmente a inclusi\u00f3n destas conexi\u00f3ns externas non implicar\u00e1 ning\u00fan tipo de asociaci\u00f3n, fusi\u00f3n ou participaci\u00f3n coas entidades conectadas.<\/p>\n<h3>\u00a0Dereito de exclusi\u00f3n<\/h3>\n<p>COCI\u00d1A AVATAR, S.L. res\u00e9rvase o dereito de bloquear o acceso dun USUARIO ante calquera indicio de utilizaci\u00f3n fraudulenta dos servizos ofrecidos sen necesidade de preaviso, a instancia propia ou dun terceiro, a aqueles usuarios que incumpran as presentes condici\u00f3ns Xerais de Uso.<\/p>\n<h3>\u00a0Xeneralidades<\/h3>\n<p>COCI\u00d1A AVATAR, S.L. perseguir\u00e1 o incumprimento das presentes condici\u00f3ns as\u00ed como calquera utilizaci\u00f3n indebida do seu portal exercendo todas as acci\u00f3ns civ\u00eds e penais que lle poden corresponder en dereito<\/p>\n<h3>Modificaci\u00f3n das presentes condici\u00f3ns e duraci\u00f3n<\/h3>\n<p>COCI\u00d1A AVATAR, S.L. poder\u00e1 modificar en calquera momento as condici\u00f3ns aqu\u00ed determinadas, sendo debidamente publicadas como aqu\u00ed aparecen. A vixencia das citadas condici\u00f3ns ir\u00e1 en funci\u00f3n da s\u00faa exposici\u00f3n e estar\u00e1n vixentes ata que sexan modificadas por outras debidamente publicadas.<\/p>\n<h3>Lexislaci\u00f3n aplicable e xurisdici\u00f3n<\/h3>\n<p>A relaci\u00f3n entre COCI\u00d1A AVATAR, S.L. e o USUARIO rexirase pola normativa espa\u00f1ola vixente e calquera controversia someterase aos Xulgados e Tribunais de Santiago de Compostela.[\/vc_column_text][\/vc_column][\/vc_row]<\/p>\n","protected":false},"excerpt":{"rendered":"<p>[vc_row container_wrap=&#8221;yes&#8221; el_class=&#8221;pagina-interior-noslider&#8221;][vc_column el_class=&#8221;container&#8221;][vc_column_text] Datos identificativos En cumprimento do deber de informaci\u00f3n recollido no artigo 10 da Lei 34\/2002, de 11 de xullo, de Servizos da Sociedade da Informaci\u00f3n e do Comercio electr\u00f3nico, a continuaci\u00f3n se reflexan os siguentes datos: a empresa titular de www.espazoabella.com \u00e9 COCI\u00d1A AVATAR, S.L., con CIF B-70119532 e enderezo a estes efectos en Formar\u00eds 26A, 15.884, Santiago de Compostela (A Coru\u00f1a), con correo electr\u00f3nico de contacto: info@espazoabella.com Usuarios O acceso&hellip;<\/p>\n","protected":false},"author":2,"featured_media":0,"parent":0,"menu_order":0,"comment_status":"closed","ping_status":"closed","template":"pagina-interior.php","meta":[],"_links":{"self":[{"href":"https:\/\/www.espazoabella.com\/gl\/wp-json\/wp\/v2\/pages\/690"}],"collection":[{"href":"https:\/\/www.espazoabella.com\/gl\/wp-json\/wp\/v2\/pages"}],"about":[{"href":"https:\/\/www.espazoabella.com\/gl\/wp-json\/wp\/v2\/types\/page"}],"author":[{"embeddable":true,"href":"https:\/\/www.espazoabella.com\/gl\/wp-json\/wp\/v2\/users\/2"}],"replies":[{"embeddable":true,"href":"https:\/\/www.espazoabella.com\/gl\/wp-json\/wp\/v2\/comments?post=690"}],"version-history":[{"count":1,"href":"https:\/\/www.espazoabella.com\/gl\/wp-json\/wp\/v2\/pages\/690\/revisions"}],"predecessor-version":[{"id":702,"href":"https:\/\/www.espazoabella.com\/gl\/wp-json\/wp\/v2\/pages\/690\/revisions\/702"}],"wp:attachment":[{"href":"https:\/\/www.espazoabella.com\/gl\/wp-json\/wp\/v2\/media?parent=690"}],"curies":[{"name":"wp","href":"https:\/\/api.w.org\/{rel}","templated":true}]}}